{"id":131,"date":"2021-03-08T14:03:53","date_gmt":"2021-03-08T14:03:53","guid":{"rendered":"http:\/\/alfonsasvaisvila.lt\/?page_id=131"},"modified":"2021-04-09T08:20:04","modified_gmt":"2021-04-09T08:20:04","slug":"prisidekite","status":"publish","type":"page","link":"http:\/\/alfonsasvaisvila.lt\/index.php\/prisidekite\/","title":{"rendered":"Elementor #131"},"content":{"rendered":"\t\t<div data-elementor-type=\"wp-page\" data-elementor-id=\"131\" class=\"elementor elementor-131\" data-elementor-settings=\"[]\">\n\t\t\t\t\t\t<div class=\"elementor-inner\">\n\t\t\t\t\t\t\t<div class=\"elementor-section-wrap\">\n\t\t\t\t\t\t\t<section class=\"elementor-section elementor-top-section elementor-element elementor-element-95b3eb9 elementor-section-boxed elementor-section-height-default elementor-section-height-default\" data-id=\"95b3eb9\" data-element_type=\"section\">\n\t\t\t\t\t\t<div class=\"elementor-container elementor-column-gap-default\">\n\t\t\t\t\t\t\t<div class=\"elementor-row\">\n\t\t\t\t\t<div class=\"elementor-column elementor-col-100 elementor-top-column elementor-element elementor-element-21f1e1d\" data-id=\"21f1e1d\" data-element_type=\"column\">\n\t\t\t<div class=\"elementor-column-wrap elementor-element-populated\">\n\t\t\t\t\t\t\t<div class=\"elementor-widget-wrap\">\n\t\t\t\t\t\t<div class=\"elementor-element elementor-element-197c835 elementor-widget elementor-widget-heading\" data-id=\"197c835\" data-element_type=\"widget\" data-widget_type=\"heading.default\">\n\t\t\t\t<div class=\"elementor-widget-container\">\n\t\t\t<h2 class=\"elementor-heading-title elementor-size-default\">Prisid\u0117kite prie knygos i\u0161leidimo<\/h2>\t\t<\/div>\n\t\t\t\t<\/div>\n\t\t\t\t\t\t<\/div>\n\t\t\t\t\t<\/div>\n\t\t<\/div>\n\t\t\t\t\t\t\t\t<\/div>\n\t\t\t\t\t<\/div>\n\t\t<\/section>\n\t\t\t\t<section class=\"elementor-section elementor-top-section elementor-element elementor-element-d21f85d elementor-section-boxed elementor-section-height-default elementor-section-height-default\" data-id=\"d21f85d\" data-element_type=\"section\">\n\t\t\t\t\t\t<div class=\"elementor-container elementor-column-gap-default\">\n\t\t\t\t\t\t\t<div class=\"elementor-row\">\n\t\t\t\t\t<div class=\"elementor-column elementor-col-50 elementor-top-column elementor-element elementor-element-4e19b90\" data-id=\"4e19b90\" data-element_type=\"column\">\n\t\t\t<div class=\"elementor-column-wrap elementor-element-populated\">\n\t\t\t\t\t\t\t<div class=\"elementor-widget-wrap\">\n\t\t\t\t\t\t<div class=\"elementor-element elementor-element-1724643 elementor-widget elementor-widget-image\" data-id=\"1724643\" data-element_type=\"widget\" data-widget_type=\"image.default\">\n\t\t\t\t<div class=\"elementor-widget-container\">\n\t\t\t\t\t<div class=\"elementor-image\">\n\t\t\t\t\t\t\t\t\t\t<img width=\"768\" height=\"1024\" src=\"http:\/\/alfonsasvaisvila.lt\/wp-content\/uploads\/2021\/03\/20210208_205423-3-scaled.jpg\" class=\"attachment-large size-large\" alt=\"\" loading=\"lazy\" srcset=\"http:\/\/alfonsasvaisvila.lt\/wp-content\/uploads\/2021\/03\/20210208_205423-3-scaled.jpg 1920w, http:\/\/alfonsasvaisvila.lt\/wp-content\/uploads\/2021\/03\/20210208_205423-3-225x300.jpg 225w\" sizes=\"(max-width: 768px) 100vw, 768px\" \/>\t\t\t\t\t\t\t\t\t\t\t<\/div>\n\t\t\t\t<\/div>\n\t\t\t\t<\/div>\n\t\t\t\t\t\t<\/div>\n\t\t\t\t\t<\/div>\n\t\t<\/div>\n\t\t\t\t<div class=\"elementor-column elementor-col-50 elementor-top-column elementor-element elementor-element-0e65972\" data-id=\"0e65972\" data-element_type=\"column\">\n\t\t\t<div class=\"elementor-column-wrap elementor-element-populated\">\n\t\t\t\t\t\t\t<div class=\"elementor-widget-wrap\">\n\t\t\t\t\t\t<div class=\"elementor-element elementor-element-bbfd87f elementor-widget elementor-widget-text-editor\" data-id=\"bbfd87f\" data-element_type=\"widget\" data-widget_type=\"text-editor.default\">\n\t\t\t\t<div class=\"elementor-widget-container\">\n\t\t\t\t\t<div class=\"elementor-text-editor elementor-clearfix\"><p>TAPKITE KNYGOS REM\u0116JU!<\/p>\n<p style=\"color: #ffffff;\">\u0160iuo metu renkamas finansavimas knygai:&nbsp;<\/p>\n<h6 style=\"letter-spacing: normal; font-family: Graphik,-apple-system,BlinkMacSystemFont,Segoe UI,var(--nv-fallback-ff); color: #ffffff;\"><b>\u0160iluvos regiono dvarai ir j\u0173 teis\u0117.&nbsp;<\/b><span style=\"font-family: 'Times New Roman', serif; font-size: 13.3333px; background-color: var(--nv-site-bg);\"><b>III<\/b><\/span><b style=\"font-family: var( --e-global-typography-text-font-family ), Sans-serif; background-color: var(--nv-site-bg);\">&nbsp;tomas.<\/b><\/h6>\n<h6 style=\"letter-spacing: normal; font-family: Graphik,-apple-system,BlinkMacSystemFont,Segoe UI,var(--nv-fallback-ff); color: #ffffff;\"><b style=\"font-family: var( --e-global-typography-text-font-family ), Sans-serif; background-color: var(--nv-site-bg);\">Knygos turinys &#8211;&nbsp;<\/b><a href=\"http:\/\/alfonsasvaisvila.lt\/wp-content\/uploads\/2021\/04\/Siluvos-dvarai.-Turinys-III.pdf\" style=\"font-family: var( --e-global-typography-text-font-family ), Sans-serif; font-weight: var( --e-global-typography-text-font-weight ); background-color: var(--nv-site-bg);\">\u0160iluvos dvarai. Turinys III<\/a><\/h6>\n<p style=\"color: #ffffff;\"><span style=\"font-family: var( --e-global-typography-text-font-family ), Sans-serif; font-weight: var( --e-global-typography-text-font-weight ); background-color: var(--nv-site-bg);\">\u0160i studija jau paruo\u0161ta, reikalingas finansavimas redagavimui, maketavimui ir popierin\u0117s versijos i\u0161leidimui. Tira\u017eas: 200vnt.<\/span><\/p>\n<p style=\"color: #ffffff;\"><span style=\"background-color: var(--nv-site-bg); font-family: var( --e-global-typography-text-font-family ), Sans-serif; font-weight: var( --e-global-typography-text-font-weight );\">Reikalinga suma:&nbsp;<strong>8000 Eur.<\/strong><\/span><\/p>\n<p style=\"color: #ffffff;\">Prisid\u0117kite prie knygos i\u0161leidimo:<\/p>\n<p style=\"color: #ffffff;\">&#8211; Visi rem\u0117jai bus \u012fra\u0161yti knygoje. U\u017e kiekvien\u0105 pavedim\u0105, didesn\u012f nei 30 eur \u2013 gausite naujai i\u0161leistos knygos egzempliori\u0173.<\/p>\n<p style=\"color: #ffffff;\">Finansavimas renkamas Alfonso Vai\u0161vilos asmenin\u0117je s\u0105skaitoje:&nbsp;<\/p>\n<ul>\n<li style=\"color: #ffffff;\"><strong>Gav\u0117jas: Alfonsas Vai\u0161vila;&nbsp;<\/strong><\/li>\n<li style=\"color: #ffffff;\"><strong>S\u0105skaitos numeris:<\/strong> LT377300010166446055<\/li>\n<\/ul>\n<div><span style=\"color: #ffffff;\">&nbsp;<\/span><\/div>\n<div><span style=\"color: #ffffff;\">&nbsp;<\/span><\/div><\/div>\n\t\t\t\t<\/div>\n\t\t\t\t<\/div>\n\t\t\t\t<div class=\"elementor-element elementor-element-659684b elementor-widget elementor-widget-text-editor\" data-id=\"659684b\" data-element_type=\"widget\" data-widget_type=\"text-editor.default\">\n\t\t\t\t<div class=\"elementor-widget-container\">\n\t\t\t\t\t<div class=\"elementor-text-editor elementor-clearfix\"><p>Prisid\u0117j\u0119 prie knygos i\u0161leidimo, u\u017epildykite laukelius \u017eemiau, kad gal\u0117tume su jumis susisiekti kai knyga bus i\u0161leista.<\/p><\/div>\n\t\t\t\t<\/div>\n\t\t\t\t<\/div>\n\t\t\t\t<div class=\"elementor-element elementor-element-1bbc318 elementor-widget elementor-widget-aep-contact-form_7\" data-id=\"1bbc318\" data-element_type=\"widget\" data-widget_type=\"aep-contact-form_7.default\">\n\t\t\t\t<div class=\"elementor-widget-container\">\n\t\t\t<div class=\"elementor-shortcode aep-cf7  aep-cf7-174\"><h3 class=\"cf7-title\">Prisid\u0117jau prie knygos i\u0161leidimo!<\/h3><div class=\"cf7-sub-title\"><\/div><div role=\"form\" class=\"wpcf7\" id=\"wpcf7-f174-o1\" lang=\"en-US\" dir=\"ltr\">\n<div class=\"screen-reader-response\"><p role=\"status\" aria-live=\"polite\" aria-atomic=\"true\"><\/p> <ul><\/ul><\/div>\n<form action=\"\/index.php\/wp-json\/wp\/v2\/pages\/131#wpcf7-f174-o1\" method=\"post\" class=\"wpcf7-form init\" novalidate=\"novalidate\" data-status=\"init\">\n<div style=\"display: none;\">\n<input type=\"hidden\" name=\"_wpcf7\" value=\"174\" \/>\n<input type=\"hidden\" name=\"_wpcf7_version\" value=\"5.4\" \/>\n<input type=\"hidden\" name=\"_wpcf7_locale\" value=\"en_US\" \/>\n<input type=\"hidden\" name=\"_wpcf7_unit_tag\" value=\"wpcf7-f174-o1\" \/>\n<input type=\"hidden\" name=\"_wpcf7_container_post\" value=\"0\" \/>\n<input type=\"hidden\" name=\"_wpcf7_posted_data_hash\" value=\"\" \/>\n<\/div>\n<p><label> Vardas, Pavard\u0117<br \/>\n    <span class=\"wpcf7-form-control-wrap your-name\"><input type=\"text\" name=\"your-name\" value=\"\" size=\"40\" class=\"wpcf7-form-control wpcf7-text wpcf7-validates-as-required\" aria-required=\"true\" aria-invalid=\"false\" \/><\/span> <\/label><\/p>\n<p><label> El. pa\u0161to adresas<br \/>\n    <span class=\"wpcf7-form-control-wrap your-email\"><input type=\"email\" name=\"your-email\" value=\"\" size=\"40\" class=\"wpcf7-form-control wpcf7-text wpcf7-email wpcf7-validates-as-required wpcf7-validates-as-email\" aria-required=\"true\" aria-invalid=\"false\" \/><\/span> <\/label><\/p>\n<p><input type=\"submit\" value=\"Patvirtinti\" class=\"wpcf7-form-control wpcf7-submit\" \/><\/p>\n<div class=\"wpcf7-response-output\" aria-hidden=\"true\"><\/div><\/form><\/div><\/div>\t\t<\/div>\n\t\t\t\t<\/div>\n\t\t\t\t\t\t<\/div>\n\t\t\t\t\t<\/div>\n\t\t<\/div>\n\t\t\t\t\t\t\t\t<\/div>\n\t\t\t\t\t<\/div>\n\t\t<\/section>\n\t\t\t\t<section class=\"elementor-section elementor-top-section elementor-element elementor-element-29470c7 elementor-section-boxed elementor-section-height-default elementor-section-height-default\" data-id=\"29470c7\" data-element_type=\"section\">\n\t\t\t\t\t\t<div class=\"elementor-container elementor-column-gap-default\">\n\t\t\t\t\t\t\t<div class=\"elementor-row\">\n\t\t\t\t\t<div class=\"elementor-column elementor-col-100 elementor-top-column elementor-element elementor-element-50dfb46\" data-id=\"50dfb46\" data-element_type=\"column\">\n\t\t\t<div class=\"elementor-column-wrap\">\n\t\t\t\t\t\t\t<div class=\"elementor-widget-wrap\">\n\t\t\t\t\t\t\t\t<\/div>\n\t\t\t\t\t<\/div>\n\t\t<\/div>\n\t\t\t\t\t\t\t\t<\/div>\n\t\t\t\t\t<\/div>\n\t\t<\/section>\n\t\t\t\t\t\t<\/div>\n\t\t\t\t\t\t<\/div>\n\t\t\t\t\t<\/div>\n\t\t","protected":false},"excerpt":{"rendered":"<p>Prisid\u0117kite prie knygos i\u0161leidimo TAPKITE KNYGOS REM\u0116JU! \u0160iuo metu renkamas finansavimas knygai:&nbsp; \u0160iluvos regiono dvarai ir j\u0173 teis\u0117.&nbsp;III&nbsp;tomas. Knygos turinys &#8211;&nbsp;\u0160iluvos dvarai. Turinys III \u0160i studija jau paruo\u0161ta, reikalingas finansavimas redagavimui, maketavimui ir popierin\u0117s versijos i\u0161leidimui. Tira\u017eas: 200vnt. Reikalinga suma:&nbsp;8000 Eur. Prisid\u0117kite prie knygos i\u0161leidimo: &#8211; Visi rem\u0117jai bus \u012fra\u0161yti knygoje. U\u017e kiekvien\u0105 pavedim\u0105, didesn\u012f&hellip;&nbsp;<a href=\"http:\/\/alfonsasvaisvila.lt\/index.php\/prisidekite\/\" class=\"\" rel=\"bookmark\">Read More &raquo;<span class=\"screen-reader-text\">Elementor #131<\/span><\/a><\/p>\n","protected":false},"author":1,"featured_media":0,"parent":0,"menu_order":0,"comment_status":"closed","ping_status":"closed","template":"page-templates\/template-pagebuilder-full-width.php","meta":{"neve_meta_sidebar":"full-width","neve_meta_container":"","neve_meta_enable_content_width":"on","neve_meta_content_width":100,"neve_meta_title_alignment":"","neve_meta_author_avatar":"","neve_post_elements_order":"","neve_meta_disable_header":"","neve_meta_disable_footer":"","neve_meta_disable_title":""},"_links":{"self":[{"href":"http:\/\/alfonsasvaisvila.lt\/index.php\/wp-json\/wp\/v2\/pages\/131"}],"collection":[{"href":"http:\/\/alfonsasvaisvila.lt\/index.php\/wp-json\/wp\/v2\/pages"}],"about":[{"href":"http:\/\/alfonsasvaisvila.lt\/index.php\/wp-json\/wp\/v2\/types\/page"}],"author":[{"embeddable":true,"href":"http:\/\/alfonsasvaisvila.lt\/index.php\/wp-json\/wp\/v2\/users\/1"}],"replies":[{"embeddable":true,"href":"http:\/\/alfonsasvaisvila.lt\/index.php\/wp-json\/wp\/v2\/comments?post=131"}],"version-history":[{"count":24,"href":"http:\/\/alfonsasvaisvila.lt\/index.php\/wp-json\/wp\/v2\/pages\/131\/revisions"}],"predecessor-version":[{"id":248,"href":"http:\/\/alfonsasvaisvila.lt\/index.php\/wp-json\/wp\/v2\/pages\/131\/revisions\/248"}],"wp:attachment":[{"href":"http:\/\/alfonsasvaisvila.lt\/index.php\/wp-json\/wp\/v2\/media?parent=131"}],"curies":[{"name":"wp","href":"https:\/\/api.w.org\/{rel}","templated":true}]}}